{"id":24,"date":"2019-10-30T08:04:10","date_gmt":"2019-10-30T08:04:10","guid":{"rendered":"https:\/\/demo.casethemes.net\/consultio-digital-marketing\/?page_id=24"},"modified":"2023-05-03T17:42:18","modified_gmt":"2023-05-03T15:42:18","slug":"contact","status":"publish","type":"page","link":"https:\/\/kaszaslaszlo.hu\/?page_id=24","title":{"rendered":"Kapcsolat"},"content":{"rendered":"\t\t<div data-elementor-type=\"wp-page\" data-elementor-id=\"24\" class=\"elementor elementor-24\">\n\t\t\t\t\t\t\t        <section class=\"elementor-section elementor-top-section elementor-element elementor-element-99fbaeb elementor-section-boxed elementor-section-height-default elementor-section-height-default ct-header-fixed-none ct-row-max-none\" data-id=\"99fbaeb\" data-element_type=\"section\">\n            \n                        <div class=\"elementor-container elementor-column-gap-extended \">\n                    <div class=\"elementor-column elementor-col-50 elementor-top-column elementor-element elementor-element-d5f3e79\" data-id=\"d5f3e79\" data-element_type=\"column\">\n            <div class=\"elementor-widget-wrap elementor-element-populated\">\n                        \t\t<div class=\"elementor-element elementor-element-9e16110 elementor-widget elementor-widget-ct_fancy_box\" data-id=\"9e16110\" data-element_type=\"widget\" data-widget_type=\"ct_fancy_box.default\">\n\t\t\t\t<div class=\"elementor-widget-container\">\n\t\t\t<div class=\"ct-fancy-box ct-fancy-box-layout1 style1 \" data-wow-delay=\"ms\">\r\n            <div class=\"item--icon\">\r\n            <span class=\"item--shape\"><\/span>\r\n            <i aria-hidden=\"true\" class=\"fas fa-phone-alt\"><\/i>                            <a class=\"item--link\" href=\"#\"><\/a>\r\n                    <\/div>\r\n            <div class=\"item--holder\">\r\n                    <h3 class=\"item--title\">\r\n                H\u00edvj minket!            <\/h3>\r\n                <div class=\"item--description\">+ 3630 \/ 958 8912<\/div>\r\n    <\/div>\r\n<\/div>\t\t<\/div>\n\t\t\t\t<\/div>\n\t\t            <\/div>\n        <\/div>\n                <div class=\"elementor-column elementor-col-50 elementor-top-column elementor-element elementor-element-729a4d3\" data-id=\"729a4d3\" data-element_type=\"column\">\n            <div class=\"elementor-widget-wrap elementor-element-populated\">\n                        \t\t<div class=\"elementor-element elementor-element-485cc85 elementor-widget elementor-widget-ct_fancy_box\" data-id=\"485cc85\" data-element_type=\"widget\" data-widget_type=\"ct_fancy_box.default\">\n\t\t\t\t<div class=\"elementor-widget-container\">\n\t\t\t<div class=\"ct-fancy-box ct-fancy-box-layout1 style1 \" data-wow-delay=\"ms\">\r\n            <div class=\"item--icon\">\r\n            <span class=\"item--shape\"><\/span>\r\n            <i aria-hidden=\"true\" class=\"fas fa-envelope\"><\/i>                            <a class=\"item--link\" href=\"#\"><\/a>\r\n                    <\/div>\r\n            <div class=\"item--holder\">\r\n                    <h3 class=\"item--title\">\r\n                Vagy \u00edrj nek\u00fcnk!            <\/h3>\r\n                <div class=\"item--description\">bkaszas2@gmail.com<\/div>\r\n    <\/div>\r\n<\/div>\t\t<\/div>\n\t\t\t\t<\/div>\n\t\t            <\/div>\n        <\/div>\n                            <\/div>\n        <\/section>\n                <section class=\"elementor-section elementor-top-section elementor-element elementor-element-d8bdc5a elementor-section-boxed elementor-section-height-default elementor-section-height-default ct-header-fixed-none ct-row-max-none\" data-id=\"d8bdc5a\" data-element_type=\"section\">\n            \n                        <div class=\"elementor-container elementor-column-gap-extended \">\n                    <div class=\"elementor-column elementor-col-50 elementor-top-column elementor-element elementor-element-13f51f0\" data-id=\"13f51f0\" data-element_type=\"column\">\n            <div class=\"elementor-widget-wrap elementor-element-populated\">\n                        \t\t<div class=\"elementor-element elementor-element-12c802c elementor-widget elementor-widget-image\" data-id=\"12c802c\" data-element_type=\"widget\" data-widget_type=\"image.default\">\n\t\t\t\t<div class=\"elementor-widget-container\">\n\t\t\t<style>\/*! elementor - v3.11.5 - 14-03-2023 *\/\n.elementor-widget-image{text-align:center}.elementor-widget-image a{display:inline-block}.elementor-widget-image a img[src$=\".svg\"]{width:48px}.elementor-widget-image img{vertical-align:middle;display:inline-block}<\/style>\t\t\t\t\t\t\t\t\t\t\t\t<img decoding=\"async\" width=\"2048\" height=\"1956\" src=\"https:\/\/kaszaslaszlo.hu\/wp-content\/uploads\/2023\/03\/240470116_4948834891799797_366289676457913871_n-1.jpg\" class=\"attachment-full size-full wp-image-7210\" alt=\"\" srcset=\"https:\/\/kaszaslaszlo.hu\/wp-content\/uploads\/2023\/03\/240470116_4948834891799797_366289676457913871_n-1.jpg 2048w, https:\/\/kaszaslaszlo.hu\/wp-content\/uploads\/2023\/03\/240470116_4948834891799797_366289676457913871_n-1-300x287.jpg 300w, https:\/\/kaszaslaszlo.hu\/wp-content\/uploads\/2023\/03\/240470116_4948834891799797_366289676457913871_n-1-1024x978.jpg 1024w, https:\/\/kaszaslaszlo.hu\/wp-content\/uploads\/2023\/03\/240470116_4948834891799797_366289676457913871_n-1-768x734.jpg 768w, https:\/\/kaszaslaszlo.hu\/wp-content\/uploads\/2023\/03\/240470116_4948834891799797_366289676457913871_n-1-1536x1467.jpg 1536w\" sizes=\"(max-width: 2048px) 100vw, 2048px\" \/>\t\t\t\t\t\t\t\t\t\t\t\t\t\t\t<\/div>\n\t\t\t\t<\/div>\n\t\t            <\/div>\n        <\/div>\n                <div class=\"elementor-column elementor-col-50 elementor-top-column elementor-element elementor-element-4c2fc51\" data-id=\"4c2fc51\" data-element_type=\"column\">\n            <div class=\"elementor-widget-wrap elementor-element-populated\">\n                        \t\t<div class=\"elementor-element elementor-element-d6bfcba elementor-widget elementor-widget-ct_heading\" data-id=\"d6bfcba\" data-element_type=\"widget\" data-widget_type=\"ct_heading.default\">\n\t\t\t\t<div class=\"elementor-widget-container\">\n\t\t\t<div id=\"ct_heading-d6bfcba\" class=\"ct-heading h-align-left sub-style1 ct-heading-left item-st-line-left3\">\r\n\t<div class=\"ct-item--inner\">\r\n        <div class=\"ct-inline-css\"  data-css=\"\r\n            \">\r\n        <\/div>\r\n                <h3 class=\"item--title st-line-left3 case-animate-time\" data-wow-delay=\"ms\">\r\n                        <span class=\"sp-main\">\r\n                \r\n                Kasz\u00e1s L\u00e1szl\u00f3\r\n                \r\n                                    <i class=\"dot-shape\">\r\n                        <i><\/i>\r\n                        <i><\/i>\r\n                        <i><\/i>\r\n                        <i><\/i>\r\n                        <i><\/i>\r\n                        <i><\/i>\r\n                    <\/i>\r\n                            <\/span>\r\n                    <\/h3>\r\n    <\/div>\r\n<\/div>\t\t<\/div>\n\t\t\t\t<\/div>\n\t\t            <\/div>\n        <\/div>\n                            <\/div>\n        <\/section>\n        \t\t\t\t\t<\/div>\n\t\t","protected":false},"excerpt":{"rendered":"<p>H\u00edvj minket! + 3630 \/ 958 8912 Vagy \u00edrj nek\u00fcnk! bkaszas2@gmail.com Kasz\u00e1s L\u00e1szl\u00f3<\/p>\n","protected":false},"author":1,"featured_media":0,"parent":0,"menu_order":0,"comment_status":"closed","ping_status":"closed","template":"","meta":{"footnotes":""},"class_list":["post-24","page","type-page","status-publish","hentry"],"_links":{"self":[{"href":"https:\/\/kaszaslaszlo.hu\/index.php?rest_route=\/wp\/v2\/pages\/24","targetHints":{"allow":["GET"]}}],"collection":[{"href":"https:\/\/kaszaslaszlo.hu\/index.php?rest_route=\/wp\/v2\/pages"}],"about":[{"href":"https:\/\/kaszaslaszlo.hu\/index.php?rest_route=\/wp\/v2\/types\/page"}],"author":[{"embeddable":true,"href":"https:\/\/kaszaslaszlo.hu\/index.php?rest_route=\/wp\/v2\/users\/1"}],"replies":[{"embeddable":true,"href":"https:\/\/kaszaslaszlo.hu\/index.php?rest_route=%2Fwp%2Fv2%2Fcomments&post=24"}],"version-history":[{"count":4,"href":"https:\/\/kaszaslaszlo.hu\/index.php?rest_route=\/wp\/v2\/pages\/24\/revisions"}],"predecessor-version":[{"id":7382,"href":"https:\/\/kaszaslaszlo.hu\/index.php?rest_route=\/wp\/v2\/pages\/24\/revisions\/7382"}],"wp:attachment":[{"href":"https:\/\/kaszaslaszlo.hu\/index.php?rest_route=%2Fwp%2Fv2%2Fmedia&parent=24"}],"curies":[{"name":"wp","href":"https:\/\/api.w.org\/{rel}","templated":true}]}}